{"id":367,"date":"2017-02-09T10:57:11","date_gmt":"2017-02-09T08:57:11","guid":{"rendered":"https:\/\/wfmondioringclub.net\/?page_id=367"},"modified":"2017-02-09T12:09:29","modified_gmt":"2017-02-09T10:09:29","slug":"kauppa","status":"publish","type":"page","link":"https:\/\/wfmondioringclub.net\/?page_id=367","title":{"rendered":"Kauppa"},"content":{"rendered":"<p>Tervetuloa yhdistyksemme verkkokauppaan. Kaikki myynniss\u00e4 olevat tuotteet ovat hyv\u00e4ksi havaitsemiamme ja k\u00e4yt\u00e4mme niit\u00e4 itse treeneiss\u00e4.<\/p>\n<p>Ostamalla verkkokaupasta tuet samalla koiraharrastustoimintaa!<\/p>\n","protected":false},"excerpt":{"rendered":"<p>Tervetuloa yhdistyksemme verkkokauppaan. Kaikki myynniss\u00e4 olevat tuotteet ovat hyv\u00e4ksi havaitsemiamme ja k\u00e4yt\u00e4mme niit\u00e4 itse treeneiss\u00e4. Ostamalla verkkokaupasta tuet samalla koiraharrastustoimintaa!<\/p>\n","protected":false},"author":5,"featured_media":0,"parent":0,"menu_order":0,"comment_status":"closed","ping_status":"closed","template":"onecolumn-page.php","meta":{"footnotes":""},"class_list":["post-367","page","type-page","status-publish","hentry"],"_links":{"self":[{"href":"https:\/\/wfmondioringclub.net\/index.php?rest_route=\/wp\/v2\/pages\/367","targetHints":{"allow":["GET"]}}],"collection":[{"href":"https:\/\/wfmondioringclub.net\/index.php?rest_route=\/wp\/v2\/pages"}],"about":[{"href":"https:\/\/wfmondioringclub.net\/index.php?rest_route=\/wp\/v2\/types\/page"}],"author":[{"embeddable":true,"href":"https:\/\/wfmondioringclub.net\/index.php?rest_route=\/wp\/v2\/users\/5"}],"replies":[{"embeddable":true,"href":"https:\/\/wfmondioringclub.net\/index.php?rest_route=%2Fwp%2Fv2%2Fcomments&post=367"}],"version-history":[{"count":2,"href":"https:\/\/wfmondioringclub.net\/index.php?rest_route=\/wp\/v2\/pages\/367\/revisions"}],"predecessor-version":[{"id":369,"href":"https:\/\/wfmondioringclub.net\/index.php?rest_route=\/wp\/v2\/pages\/367\/revisions\/369"}],"wp:attachment":[{"href":"https:\/\/wfmondioringclub.net\/index.php?rest_route=%2Fwp%2Fv2%2Fmedia&parent=367"}],"curies":[{"name":"wp","href":"https:\/\/api.w.org\/{rel}","templated":true}]}}