{"id":6,"date":"2014-06-07T13:14:47","date_gmt":"2014-06-07T10:14:47","guid":{"rendered":"https:\/\/wfmondioringclub.net\/wmfuudet\/?page_id=6"},"modified":"2025-12-17T17:27:48","modified_gmt":"2025-12-17T15:27:48","slug":"etusivu","status":"publish","type":"page","link":"https:\/\/wfmondioringclub.net\/","title":{"rendered":"Etusivu"},"content":{"rendered":"<p style=\"text-align: left;\">Tervetuloa Western Finland Ring Clubin sivuille!<\/p>\n<p style=\"text-align: left;\">Yhdistyksemme kotipaikka on J\u00e4ms\u00e4 ja harjoituskentt\u00e4mme sijaitsee L\u00e4ngelm\u00e4ell\u00e4. Yhdistyksemme on perustettu vuonna 2010 pienen, mutta innokkaan treeniryhm\u00e4n toimesta. Tarkoituksemme on j\u00e4rjest\u00e4\u00e4 kilpailuja, koulutustilaisuuksia, harjoituksia ja kehitt\u00e4\u00e4 j\u00e4seniemme koirankoulutustaitoja.<\/p>\n<p style=\"text-align: left;\">P\u00e4\u00e4periaatteemme on vastuullinen koirankoulutus, joka t\u00e4ht\u00e4\u00e4 jo pikkupennusta alkaen kilpailuihin koiran ehdoilla ja yhteiskuntakelpoisesti hyvin k\u00e4ytt\u00e4ytyv\u00e4\u00e4n koiraan. Lis\u00e4ksi haluamme lis\u00e4t\u00e4 lajin tunnettavuutta ja edesauttaa yleist\u00e4 koiramy\u00f6nteisyytt\u00e4 yhteiskunnassamme.<\/p>\n<p>L\u00f6yd\u00e4t meid\u00e4n p\u00e4ivityksi\u00e4 facebookista ja instagramista @westernfinlandringclub<\/p>\n\n\n<\/p>\n<p><strong>P\u00e4ivitetty 17.12.2025: <a href=\"https:\/\/wfmondioringclub.net\/?page_id=616\">Tapahtumasivu 2026<\/a><\/strong><\/p>\n<p>\n\n\n\n<\/p>\n<p>Yhdistyksen s\u00e4hk\u00f6posti<br \/>pj [at] wfmondioringclub.net<\/p>\n<p>\n\n\n<\/p>\n<p><a href=\"https:\/\/wfmondioringclub.net\/wp-content\/uploads\/2023\/05\/wfrckuva.jpg\"><img loading=\"lazy\" decoding=\"async\" class=\"alignnone wp-image-569 size-full\" src=\"https:\/\/wfmondioringclub.net\/wp-content\/uploads\/2023\/05\/wfrckuva.jpg\" alt=\"\" width=\"525\" height=\"349\" srcset=\"https:\/\/wfmondioringclub.net\/wp-content\/uploads\/2023\/05\/wfrckuva.jpg 525w, https:\/\/wfmondioringclub.net\/wp-content\/uploads\/2023\/05\/wfrckuva-300x199.jpg 300w\" sizes=\"auto, (max-width: 525px) 100vw, 525px\" \/> <\/a><img loading=\"lazy\" decoding=\"async\" class=\"wp-image-568 size-full alignleft\" src=\"https:\/\/wfmondioringclub.net\/wp-content\/uploads\/2023\/05\/thomas.jpg\" alt=\"\" width=\"525\" height=\"350\" srcset=\"https:\/\/wfmondioringclub.net\/wp-content\/uploads\/2023\/05\/thomas.jpg 525w, https:\/\/wfmondioringclub.net\/wp-content\/uploads\/2023\/05\/thomas-300x200.jpg 300w\" sizes=\"auto, (max-width: 525px) 100vw, 525px\" \/><\/p>\n<\/p>\n<p style=\"padding-left: 40px;\">\n\n\n\n","protected":false},"excerpt":{"rendered":"<p>Tervetuloa Western Finland Ring Clubin sivuille! Yhdistyksemme kotipaikka on J\u00e4ms\u00e4 ja harjoituskentt\u00e4mme sijaitsee L\u00e4ngelm\u00e4ell\u00e4. Yhdistyksemme on perustettu vuonna 2010 pienen, mutta innokkaan treeniryhm\u00e4n toimesta. Tarkoituksemme on j\u00e4rjest\u00e4\u00e4 kilpailuja, koulutustilaisuuksia, harjoituksia ja kehitt\u00e4\u00e4 j\u00e4seniemme koirankoulutustaitoja. P\u00e4\u00e4periaatteemme on vastuullinen koirankoulutus, joka t\u00e4ht\u00e4\u00e4 &hellip; <a href=\"https:\/\/wfmondioringclub.net\/\">Lue loppuun <span class=\"meta-nav\">&rarr;<\/span><\/a><\/p>\n","protected":false},"author":5,"featured_media":0,"parent":0,"menu_order":1,"comment_status":"closed","ping_status":"closed","template":"","meta":{"footnotes":""},"class_list":["post-6","page","type-page","status-publish","hentry"],"_links":{"self":[{"href":"https:\/\/wfmondioringclub.net\/index.php?rest_route=\/wp\/v2\/pages\/6","targetHints":{"allow":["GET"]}}],"collection":[{"href":"https:\/\/wfmondioringclub.net\/index.php?rest_route=\/wp\/v2\/pages"}],"about":[{"href":"https:\/\/wfmondioringclub.net\/index.php?rest_route=\/wp\/v2\/types\/page"}],"author":[{"embeddable":true,"href":"https:\/\/wfmondioringclub.net\/index.php?rest_route=\/wp\/v2\/users\/5"}],"replies":[{"embeddable":true,"href":"https:\/\/wfmondioringclub.net\/index.php?rest_route=%2Fwp%2Fv2%2Fcomments&post=6"}],"version-history":[{"count":66,"href":"https:\/\/wfmondioringclub.net\/index.php?rest_route=\/wp\/v2\/pages\/6\/revisions"}],"predecessor-version":[{"id":705,"href":"https:\/\/wfmondioringclub.net\/index.php?rest_route=\/wp\/v2\/pages\/6\/revisions\/705"}],"wp:attachment":[{"href":"https:\/\/wfmondioringclub.net\/index.php?rest_route=%2Fwp%2Fv2%2Fmedia&parent=6"}],"curies":[{"name":"wp","href":"https:\/\/api.w.org\/{rel}","templated":true}]}}